{"id":31,"date":"2018-12-27T18:32:07","date_gmt":"2018-12-27T18:32:07","guid":{"rendered":"http:\/\/bonsaifreunde-ries.de\/?page_id=31"},"modified":"2025-12-28T09:48:57","modified_gmt":"2025-12-28T08:48:57","slug":"wir-ueber-uns","status":"publish","type":"page","link":"https:\/\/bonsaifreunde-donau-ries.de\/?page_id=31","title":{"rendered":"Wir \u00fcber uns"},"content":{"rendered":"\n<div class=\"wp-block-image\"><figure class=\"alignleft\"><img decoding=\"async\" width=\"120\" height=\"174\" src=\"http:\/\/bonsaifreunde-ries.de\/wp-content\/uploads\/2018\/12\/hl.jpg\" alt=\"\" class=\"wp-image-33\"\/><\/figure><\/div>\n\n\n\n<p style=\"text-align:left\" class=\"has-drop-cap\">Hallo lieber Gast, <br>mein Name ist Oliver Holzmann und ich bin Sprecher der Bonsaifreunde Donau-Ries. Unser Name ist abgeleitet vom Landkreis Donau-Ries, aus dem unsere Mitglieder stammen. Dabei liegt unser Landkreis im Regierungsbezirk Schwaben in Bayern, nahe der Grenze zu Baden-W\u00fcrttemberg.<br><br> Angefangen hat alles im Jahr 1996, mit einem kleinen Stammtisch f\u00fcr Liebhaber von Bonsai. Mittlerweile sind wir ein eigener Arbeitskreis unter dem Dach des Bonsai Club Deutschland, jedoch kein eingetragener Verein.&nbsp;<br><br>Zusammen sind wir 23 Mitglieder unterschiedlicher Altersgruppen. Wir treffen uns regelm\u00e4\u00dfig einmal im Monat zum Erfahrungsaustausch und zum gemeinsamen Arbeiten an unseren B\u00e4umen. Dabei haben wir im Vortragsraum der Mehrzweckhalle in Wallerstein einen idealen Ort f\u00fcr unsere Zusammenk\u00fcnfte gefunden. <br><br>Einige sehr erfahrene Mitglieder, die der Bonsaikunst bereits mehr als 30 Jahren verfallen sind, stehen dabei den J\u00fcngeren mit Rat und Tat zur Seite. Bei uns wird das Miteinander gro\u00df geschrieben. So unternehmen wir j\u00e4hrlich den einen oder anderen Ausflug und besuchen dabei die verschiedenen Bonsai-Ausstellungen in der Region. Aber auch wir treten mindestens einmal im Jahr mit unseren eigenen B\u00e4umen an die \u00d6ffentlichkeit, um den Menschen in unserem Landkreis das Thema Bonsai n\u00e4her zu bringen. <br><br>Bei uns steht die gemeinschaftliche Freude an der Sch\u00f6nheit unserer B\u00e4ume im Mittelpunkt. Wobei es uns weniger darauf ankommt, ob der einzelne Baum nun exakt den offiziellen Kriterien eines bewerteten Bonsai entspricht. F\u00fcr uns ist die Hauptsache, dass er seinem Besitzer gef\u00e4llt. So finden bei uns keine internen Wettbewerbe um den sch\u00f6nsten Baum statt. Konkurrenzdenken ist f\u00fcr uns ein Fremdwort. Die Gemeinschaft z\u00e4hlt. <br><br>Ich darf jeden Interessierten recht herzlich einladen, einmal an unserem monatlichen Treffen teilzunehmen, welche immer am zweiten Samstag im Monat stattfinden. Den n\u00e4chsten Termin und die genau Anschrift finden Sie in der Rubrik &#8222;Termine&#8220; auf dieser Webseite. Ab 14:00 Uhr ist immer jemand vor Ort und scheuen Sie sich nicht, ihren kleinen Bonsai mitzubringen.<\/p>\n","protected":false},"excerpt":{"rendered":"<p>Hallo lieber Gast, mein Name ist Oliver Holzmann und ich bin Sprecher der Bonsaifreunde Donau-Ries. Unser Name ist abgeleitet vom Landkreis Donau-Ries, aus dem unsere Mitglieder stammen. Dabei liegt unser Landkreis im Regierungsbezirk Schwaben in Bayern, nahe der Grenze zu Baden-W\u00fcrttemberg. Angefangen hat alles im Jahr 1996, mit einem kleinen Stammtisch f\u00fcr Liebhaber von Bonsai. Mittlerweile sind wir ein eigener Arbeitskreis unter dem Dach des Bonsai Club Deutschland, jedoch kein<\/p>\n","protected":false},"author":1,"featured_media":0,"parent":0,"menu_order":0,"comment_status":"closed","ping_status":"closed","template":"","meta":{"footnotes":""},"class_list":["entry","author-holzadmin","post-31","page","type-page","status-publish","clearfix"],"_links":{"self":[{"href":"https:\/\/bonsaifreunde-donau-ries.de\/index.php?rest_route=\/wp\/v2\/pages\/31","targetHints":{"allow":["GET"]}}],"collection":[{"href":"https:\/\/bonsaifreunde-donau-ries.de\/index.php?rest_route=\/wp\/v2\/pages"}],"about":[{"href":"https:\/\/bonsaifreunde-donau-ries.de\/index.php?rest_route=\/wp\/v2\/types\/page"}],"author":[{"embeddable":true,"href":"https:\/\/bonsaifreunde-donau-ries.de\/index.php?rest_route=\/wp\/v2\/users\/1"}],"replies":[{"embeddable":true,"href":"https:\/\/bonsaifreunde-donau-ries.de\/index.php?rest_route=%2Fwp%2Fv2%2Fcomments&post=31"}],"version-history":[{"count":10,"href":"https:\/\/bonsaifreunde-donau-ries.de\/index.php?rest_route=\/wp\/v2\/pages\/31\/revisions"}],"predecessor-version":[{"id":137,"href":"https:\/\/bonsaifreunde-donau-ries.de\/index.php?rest_route=\/wp\/v2\/pages\/31\/revisions\/137"}],"wp:attachment":[{"href":"https:\/\/bonsaifreunde-donau-ries.de\/index.php?rest_route=%2Fwp%2Fv2%2Fmedia&parent=31"}],"curies":[{"name":"wp","href":"https:\/\/api.w.org\/{rel}","templated":true}]}}