{"id":56,"date":"2018-12-28T14:15:39","date_gmt":"2018-12-28T14:15:39","guid":{"rendered":"http:\/\/bonsaifreunde-ries.de\/?page_id=56"},"modified":"2018-12-28T14:15:39","modified_gmt":"2018-12-28T14:15:39","slug":"impressum","status":"publish","type":"page","link":"https:\/\/bonsaifreunde-donau-ries.de\/?page_id=56","title":{"rendered":"Impressum"},"content":{"rendered":"\n<table id=\"tablepress-1\" class=\"tablepress tablepress-id-1\">\n<tbody class=\"row-striping row-hover\">\n<tr class=\"row-1\">\n\t<td class=\"column-1\">Herausgeber:<\/td><td class=\"column-2\">Bonsaifreunde Donau-Ries<\/td>\n<\/tr>\n<tr class=\"row-2\">\n\t<td class=\"column-1\">Webmaster:<\/td><td class=\"column-2\">Oliver Holzmann<\/td>\n<\/tr>\n<tr class=\"row-3\">\n\t<td class=\"column-1\">Technik:<\/td><td class=\"column-2\">Die Homepage wird auf den Servern der Strato AG gehosted. <br \/>\nAls CMS System kommt dabei WordPress zum Einsatz.<\/td>\n<\/tr>\n<tr class=\"row-4\">\n\t<td class=\"column-1\">Browser:<\/td><td class=\"column-2\">Der Webauftritt ist f\u00fcr Internet Explorer und Firefox optimiert. Bei einer Aufl\u00f6sung von 1024x768 oder h\u00f6her.<\/td>\n<\/tr>\n<tr class=\"row-5\">\n\t<td class=\"column-1\">Impressum:<\/td><td class=\"column-2\">Bonsaifreunde Donau Ries<br \/>\nFelsenstr. 11<br \/>\n86757 Wallerstein<br \/>\n<br \/>\nVertreten durch Oliver Holzmann.<br \/>\ninfo@bonsaifreunde-donau-ries.de<br \/>\n<br \/>\nAlle gekennzeichneten HTML-Dokumente sind urheberrechtlich gesch\u00fctzt.<br \/>\nAlle Rechte sind vorbehalten. Jede Reproduktion bedarf der schriftlichen Genehmigung des Herausgebers.<\/td>\n<\/tr>\n<\/tbody>\n<\/table>\n<!-- #tablepress-1 from cache -->\n\n\n\n<p><\/p>\n","protected":false},"excerpt":{"rendered":"","protected":false},"author":1,"featured_media":0,"parent":0,"menu_order":0,"comment_status":"closed","ping_status":"closed","template":"","meta":{"footnotes":""},"class_list":["entry","author-holzadmin","post-56","page","type-page","status-publish","clearfix"],"_links":{"self":[{"href":"https:\/\/bonsaifreunde-donau-ries.de\/index.php?rest_route=\/wp\/v2\/pages\/56","targetHints":{"allow":["GET"]}}],"collection":[{"href":"https:\/\/bonsaifreunde-donau-ries.de\/index.php?rest_route=\/wp\/v2\/pages"}],"about":[{"href":"https:\/\/bonsaifreunde-donau-ries.de\/index.php?rest_route=\/wp\/v2\/types\/page"}],"author":[{"embeddable":true,"href":"https:\/\/bonsaifreunde-donau-ries.de\/index.php?rest_route=\/wp\/v2\/users\/1"}],"replies":[{"embeddable":true,"href":"https:\/\/bonsaifreunde-donau-ries.de\/index.php?rest_route=%2Fwp%2Fv2%2Fcomments&post=56"}],"version-history":[{"count":1,"href":"https:\/\/bonsaifreunde-donau-ries.de\/index.php?rest_route=\/wp\/v2\/pages\/56\/revisions"}],"predecessor-version":[{"id":59,"href":"https:\/\/bonsaifreunde-donau-ries.de\/index.php?rest_route=\/wp\/v2\/pages\/56\/revisions\/59"}],"wp:attachment":[{"href":"https:\/\/bonsaifreunde-donau-ries.de\/index.php?rest_route=%2Fwp%2Fv2%2Fmedia&parent=56"}],"curies":[{"name":"wp","href":"https:\/\/api.w.org\/{rel}","templated":true}]}}